{"id":46729,"date":"2025-02-13T03:33:55","date_gmt":"2025-02-13T01:33:55","guid":{"rendered":"https:\/\/myfitnessbag.com\/product\/zoomad-labs-one-raw-aakg-300g\/"},"modified":"2025-09-24T21:41:48","modified_gmt":"2025-09-24T18:41:48","slug":"zoomad-labs-one-raw-aakg-300g","status":"publish","type":"product","link":"https:\/\/myfitnessbag.com\/ar\/product\/zoomad-labs-one-raw-aakg-300g\/","title":{"rendered":"Zoomad Labs ONE RAW AAKG 300G."},"content":{"rendered":"<p><strong>AAKG od Zoomad Labs<\/strong>\u00a0je suplement za pre-trening koji poja\u010dava nivo azotnog oksida. To je napredna formula amino kiseline arginina, koja ima razli\u010dite vitalne funkcije u ljudskoj biohemiji, kako bi pobolj\u0161ala sportske performanse i imunolo\u0161ki sistem.<\/p>\n<p><strong>AAKG od Zoomad Labs<\/strong>\u00a0pru\u017ea veliku vaskularnost i poma\u017ee u pobolj\u0161anju snage, razvoja izdr\u017eljivosti i nivoa energije.<\/p>\n<p><strong>GLAVNE PREDNOSTI ARGININA AAKG:<\/strong><\/p>\n<ul>\n<li>Mo\u0107an stimulans azotnog oksida za pobolj\u0161anje sportskih performansi.<\/li>\n<li>Podsti\u010de ve\u0107u vaskularnost i oksigenaciju mi\u0161i\u0107a.<\/li>\n<li>Poma\u017ee u pove\u0107anju mi\u0161i\u0107ne mase i pobolj\u0161anju oporavka.<\/li>\n<li>Ima anaboli\u010dki i antikataboli\u010dki efekat.<\/li>\n<li>Pove\u0107ava proizvodnju hormona rasta i insulina.<\/li>\n<li>Podsti\u010de energiju i zdrav imunolo\u0161ki sistem.<\/li>\n<\/ul>\n","protected":false},"excerpt":{"rendered":"<p>AAKG od Zoomad Labs\u00a0je suplement za pre-trening koji poja\u010dava nivo azotnog oksida. To je napredna formula amino kiseline arginina, koja<\/p>\n","protected":false},"featured_media":46730,"template":"","meta":[],"product_brand":[1968],"product_cat":[2620,2590,2652],"product_tag":[],"class_list":{"0":"post-46729","1":"product","2":"type-product","3":"status-publish","4":"has-post-thumbnail","6":"product_brand-1968","7":"product_cat-2620","8":"product_cat-2590","9":"product_cat-2652","10":"pa_brands-zoomad-labs-ar","11":"pa_flavor-1875","12":"pa_formation-1683","13":"pa_origin-1754","14":"pa_servings-1688","16":"first","17":"outofstock","18":"shipping-taxable","19":"purchasable","20":"product-type-simple"},"yoast_head":"<!-- This site is optimized with the Yoast SEO Premium plugin v24.5 (Yoast SEO v24.6) - https:\/\/yoast.com\/wordpress\/plugins\/seo\/ -->\n<title>Zoomad Labs ONE RAW AAKG 300G. - My Fitness Bag<\/title>\n<meta name=\"robots\" content=\"index, follow, max-snippet:-1, max-image-preview:large, max-video-preview:-1\" \/>\n<link rel=\"canonical\" href=\"https:\/\/myfitnessbag.com\/ar\/product\/zoomad-labs-one-raw-aakg-300g\/\" \/>\n<meta property=\"og:locale\" content=\"ar_AR\" \/>\n<meta property=\"og:type\" content=\"article\" \/>\n<meta property=\"og:title\" content=\"Zoomad Labs ONE RAW AAKG 300G.\" \/>\n<meta property=\"og:description\" content=\"AAKG od Zoomad Labs\u00a0je suplement za pre-trening koji poja\u010dava nivo azotnog oksida. To je napredna formula amino kiseline arginina, koja\" \/>\n<meta property=\"og:url\" content=\"https:\/\/myfitnessbag.com\/ar\/product\/zoomad-labs-one-raw-aakg-300g\/\" \/>\n<meta property=\"og:site_name\" content=\"My Fitness Bag\" \/>\n<meta property=\"article:publisher\" content=\"https:\/\/www.facebook.com\/myfitnessbag.eg\/\" \/>\n<meta property=\"article:modified_time\" content=\"2025-09-24T18:41:48+00:00\" \/>\n<meta property=\"og:image\" content=\"https:\/\/myfitnessbag.com\/wp-content\/uploads\/2025\/02\/ONE-RAW-AAKG-1.jpg\" \/>\n\t<meta property=\"og:image:width\" content=\"1000\" \/>\n\t<meta property=\"og:image:height\" content=\"1000\" \/>\n\t<meta property=\"og:image:type\" content=\"image\/jpeg\" \/>\n<meta name=\"twitter:card\" content=\"summary_large_image\" \/>\n<meta name=\"twitter:label1\" content=\"\u0648\u0642\u062a \u0627\u0644\u0642\u0631\u0627\u0621\u0629 \u0627\u0644\u0645\u064f\u0642\u062f\u0651\u0631\" \/>\n\t<meta name=\"twitter:data1\" content=\"1 \u062f\u0642\u064a\u0642\u0629\" \/>\n<script type=\"application\/ld+json\" class=\"yoast-schema-graph\">{\"@context\":\"https:\/\/schema.org\",\"@graph\":[{\"@type\":\"WebPage\",\"@id\":\"https:\/\/myfitnessbag.com\/ar\/product\/zoomad-labs-one-raw-aakg-300g\/\",\"url\":\"https:\/\/myfitnessbag.com\/ar\/product\/zoomad-labs-one-raw-aakg-300g\/\",\"name\":\"Zoomad Labs ONE RAW AAKG 300G. - My Fitness Bag\",\"isPartOf\":{\"@id\":\"https:\/\/myfitnessbag.com\/#website\"},\"primaryImageOfPage\":{\"@id\":\"https:\/\/myfitnessbag.com\/ar\/product\/zoomad-labs-one-raw-aakg-300g\/#primaryimage\"},\"image\":{\"@id\":\"https:\/\/myfitnessbag.com\/ar\/product\/zoomad-labs-one-raw-aakg-300g\/#primaryimage\"},\"thumbnailUrl\":\"https:\/\/myfitnessbag.com\/wp-content\/uploads\/2025\/02\/ONE-RAW-AAKG-1.jpg\",\"datePublished\":\"2025-02-13T01:33:55+00:00\",\"dateModified\":\"2025-09-24T18:41:48+00:00\",\"breadcrumb\":{\"@id\":\"https:\/\/myfitnessbag.com\/ar\/product\/zoomad-labs-one-raw-aakg-300g\/#breadcrumb\"},\"inLanguage\":\"ar\",\"potentialAction\":[{\"@type\":\"ReadAction\",\"target\":[\"https:\/\/myfitnessbag.com\/ar\/product\/zoomad-labs-one-raw-aakg-300g\/\"]}]},{\"@type\":\"ImageObject\",\"inLanguage\":\"ar\",\"@id\":\"https:\/\/myfitnessbag.com\/ar\/product\/zoomad-labs-one-raw-aakg-300g\/#primaryimage\",\"url\":\"https:\/\/myfitnessbag.com\/wp-content\/uploads\/2025\/02\/ONE-RAW-AAKG-1.jpg\",\"contentUrl\":\"https:\/\/myfitnessbag.com\/wp-content\/uploads\/2025\/02\/ONE-RAW-AAKG-1.jpg\",\"width\":1000,\"height\":1000},{\"@type\":\"BreadcrumbList\",\"@id\":\"https:\/\/myfitnessbag.com\/ar\/product\/zoomad-labs-one-raw-aakg-300g\/#breadcrumb\",\"itemListElement\":[{\"@type\":\"ListItem\",\"position\":1,\"name\":\"Home\",\"item\":\"https:\/\/myfitnessbag.com\/\"},{\"@type\":\"ListItem\",\"position\":2,\"name\":\"Shop all\",\"item\":\"https:\/\/myfitnessbag.com\/shop\/\"},{\"@type\":\"ListItem\",\"position\":3,\"name\":\"Zoomad Labs ONE RAW AAKG 300G.\"}]},{\"@type\":\"WebSite\",\"@id\":\"https:\/\/myfitnessbag.com\/#website\",\"url\":\"https:\/\/myfitnessbag.com\/\",\"name\":\"My Fitness Bag\",\"description\":\"bag_\u0643\u0644_\u0627\u0644\u0644\u064a_\u0647\u062a\u062d\u062a\u0627\u062c\u0647_\u0641\u064a#\",\"publisher\":{\"@id\":\"https:\/\/myfitnessbag.com\/#organization\"},\"potentialAction\":[{\"@type\":\"SearchAction\",\"target\":{\"@type\":\"EntryPoint\",\"urlTemplate\":\"https:\/\/myfitnessbag.com\/?s={search_term_string}\"},\"query-input\":{\"@type\":\"PropertyValueSpecification\",\"valueRequired\":true,\"valueName\":\"search_term_string\"}}],\"inLanguage\":\"ar\"},{\"@type\":\"Organization\",\"@id\":\"https:\/\/myfitnessbag.com\/#organization\",\"name\":\"My Fitness Bag\",\"url\":\"https:\/\/myfitnessbag.com\/\",\"logo\":{\"@type\":\"ImageObject\",\"inLanguage\":\"ar\",\"@id\":\"https:\/\/myfitnessbag.com\/#\/schema\/logo\/image\/\",\"url\":\"https:\/\/myfitnessbag.com\/wp-content\/uploads\/2025\/03\/1.png\",\"contentUrl\":\"https:\/\/myfitnessbag.com\/wp-content\/uploads\/2025\/03\/1.png\",\"width\":1500,\"height\":1500,\"caption\":\"My Fitness Bag\"},\"image\":{\"@id\":\"https:\/\/myfitnessbag.com\/#\/schema\/logo\/image\/\"},\"sameAs\":[\"https:\/\/www.facebook.com\/myfitnessbag.eg\/\",\"https:\/\/www.instagram.com\/myfitnessbag.eg\"]}]}<\/script>\n<!-- \/ Yoast SEO Premium plugin. -->","yoast_head_json":{"title":"Zoomad Labs ONE RAW AAKG 300G. - My Fitness Bag","robots":{"index":"index","follow":"follow","max-snippet":"max-snippet:-1","max-image-preview":"max-image-preview:large","max-video-preview":"max-video-preview:-1"},"canonical":"https:\/\/myfitnessbag.com\/ar\/product\/zoomad-labs-one-raw-aakg-300g\/","og_locale":"ar_AR","og_type":"article","og_title":"Zoomad Labs ONE RAW AAKG 300G.","og_description":"AAKG od Zoomad Labs\u00a0je suplement za pre-trening koji poja\u010dava nivo azotnog oksida. To je napredna formula amino kiseline arginina, koja","og_url":"https:\/\/myfitnessbag.com\/ar\/product\/zoomad-labs-one-raw-aakg-300g\/","og_site_name":"My Fitness Bag","article_publisher":"https:\/\/www.facebook.com\/myfitnessbag.eg\/","article_modified_time":"2025-09-24T18:41:48+00:00","og_image":[{"width":1000,"height":1000,"url":"https:\/\/myfitnessbag.com\/wp-content\/uploads\/2025\/02\/ONE-RAW-AAKG-1.jpg","type":"image\/jpeg"}],"twitter_card":"summary_large_image","twitter_misc":{"\u0648\u0642\u062a \u0627\u0644\u0642\u0631\u0627\u0621\u0629 \u0627\u0644\u0645\u064f\u0642\u062f\u0651\u0631":"1 \u062f\u0642\u064a\u0642\u0629"},"schema":{"@context":"https:\/\/schema.org","@graph":[{"@type":"WebPage","@id":"https:\/\/myfitnessbag.com\/ar\/product\/zoomad-labs-one-raw-aakg-300g\/","url":"https:\/\/myfitnessbag.com\/ar\/product\/zoomad-labs-one-raw-aakg-300g\/","name":"Zoomad Labs ONE RAW AAKG 300G. - My Fitness Bag","isPartOf":{"@id":"https:\/\/myfitnessbag.com\/#website"},"primaryImageOfPage":{"@id":"https:\/\/myfitnessbag.com\/ar\/product\/zoomad-labs-one-raw-aakg-300g\/#primaryimage"},"image":{"@id":"https:\/\/myfitnessbag.com\/ar\/product\/zoomad-labs-one-raw-aakg-300g\/#primaryimage"},"thumbnailUrl":"https:\/\/myfitnessbag.com\/wp-content\/uploads\/2025\/02\/ONE-RAW-AAKG-1.jpg","datePublished":"2025-02-13T01:33:55+00:00","dateModified":"2025-09-24T18:41:48+00:00","breadcrumb":{"@id":"https:\/\/myfitnessbag.com\/ar\/product\/zoomad-labs-one-raw-aakg-300g\/#breadcrumb"},"inLanguage":"ar","potentialAction":[{"@type":"ReadAction","target":["https:\/\/myfitnessbag.com\/ar\/product\/zoomad-labs-one-raw-aakg-300g\/"]}]},{"@type":"ImageObject","inLanguage":"ar","@id":"https:\/\/myfitnessbag.com\/ar\/product\/zoomad-labs-one-raw-aakg-300g\/#primaryimage","url":"https:\/\/myfitnessbag.com\/wp-content\/uploads\/2025\/02\/ONE-RAW-AAKG-1.jpg","contentUrl":"https:\/\/myfitnessbag.com\/wp-content\/uploads\/2025\/02\/ONE-RAW-AAKG-1.jpg","width":1000,"height":1000},{"@type":"BreadcrumbList","@id":"https:\/\/myfitnessbag.com\/ar\/product\/zoomad-labs-one-raw-aakg-300g\/#breadcrumb","itemListElement":[{"@type":"ListItem","position":1,"name":"Home","item":"https:\/\/myfitnessbag.com\/"},{"@type":"ListItem","position":2,"name":"Shop all","item":"https:\/\/myfitnessbag.com\/shop\/"},{"@type":"ListItem","position":3,"name":"Zoomad Labs ONE RAW AAKG 300G."}]},{"@type":"WebSite","@id":"https:\/\/myfitnessbag.com\/#website","url":"https:\/\/myfitnessbag.com\/","name":"My Fitness Bag","description":"bag_\u0643\u0644_\u0627\u0644\u0644\u064a_\u0647\u062a\u062d\u062a\u0627\u062c\u0647_\u0641\u064a#","publisher":{"@id":"https:\/\/myfitnessbag.com\/#organization"},"potentialAction":[{"@type":"SearchAction","target":{"@type":"EntryPoint","urlTemplate":"https:\/\/myfitnessbag.com\/?s={search_term_string}"},"query-input":{"@type":"PropertyValueSpecification","valueRequired":true,"valueName":"search_term_string"}}],"inLanguage":"ar"},{"@type":"Organization","@id":"https:\/\/myfitnessbag.com\/#organization","name":"My Fitness Bag","url":"https:\/\/myfitnessbag.com\/","logo":{"@type":"ImageObject","inLanguage":"ar","@id":"https:\/\/myfitnessbag.com\/#\/schema\/logo\/image\/","url":"https:\/\/myfitnessbag.com\/wp-content\/uploads\/2025\/03\/1.png","contentUrl":"https:\/\/myfitnessbag.com\/wp-content\/uploads\/2025\/03\/1.png","width":1500,"height":1500,"caption":"My Fitness Bag"},"image":{"@id":"https:\/\/myfitnessbag.com\/#\/schema\/logo\/image\/"},"sameAs":["https:\/\/www.facebook.com\/myfitnessbag.eg\/","https:\/\/www.instagram.com\/myfitnessbag.eg"]}]}},"_links":{"self":[{"href":"https:\/\/myfitnessbag.com\/ar\/wp-json\/wp\/v2\/product\/46729","targetHints":{"allow":["GET"]}}],"collection":[{"href":"https:\/\/myfitnessbag.com\/ar\/wp-json\/wp\/v2\/product"}],"about":[{"href":"https:\/\/myfitnessbag.com\/ar\/wp-json\/wp\/v2\/types\/product"}],"version-history":[{"count":1,"href":"https:\/\/myfitnessbag.com\/ar\/wp-json\/wp\/v2\/product\/46729\/revisions"}],"predecessor-version":[{"id":71954,"href":"https:\/\/myfitnessbag.com\/ar\/wp-json\/wp\/v2\/product\/46729\/revisions\/71954"}],"wp:featuredmedia":[{"embeddable":true,"href":"https:\/\/myfitnessbag.com\/ar\/wp-json\/wp\/v2\/media\/46730"}],"wp:attachment":[{"href":"https:\/\/myfitnessbag.com\/ar\/wp-json\/wp\/v2\/media?parent=46729"}],"wp:term":[{"taxonomy":"product_brand","embeddable":true,"href":"https:\/\/myfitnessbag.com\/ar\/wp-json\/wp\/v2\/product_brand?post=46729"},{"taxonomy":"product_cat","embeddable":true,"href":"https:\/\/myfitnessbag.com\/ar\/wp-json\/wp\/v2\/product_cat?post=46729"},{"taxonomy":"product_tag","embeddable":true,"href":"https:\/\/myfitnessbag.com\/ar\/wp-json\/wp\/v2\/product_tag?post=46729"}],"curies":[{"name":"wp","href":"https:\/\/api.w.org\/{rel}","templated":true}]}}